{"id":4407,"date":"2022-10-25T22:23:06","date_gmt":"2022-10-25T22:23:06","guid":{"rendered":"http:\/\/ittesmosttarsulat.hu\/?page_id=4407"},"modified":"2024-12-16T11:56:56","modified_gmt":"2024-12-16T10:56:56","slug":"hirek-es-blog","status":"publish","type":"page","link":"https:\/\/ittesmosttarsulat.hu\/en\/hirek-es-blog\/","title":{"rendered":"News and blog"},"content":{"rendered":"<p>[et_pb_section fb_built=&#8221;1&#8243; custom_padding_last_edited=&#8221;off|desktop&#8221; admin_label=&#8221;Header&#8221; _builder_version=&#8221;4.25.1&#8243; _module_preset=&#8221;default&#8221; use_background_color_gradient=&#8221;on&#8221; background_color_gradient_type=&#8221;elliptical&#8221; background_color_gradient_direction_radial=&#8221;top&#8221; background_color_gradient_stops=&#8221;rgba(255,255,255,0) 23%|#000000 100%&#8221; background_color_gradient_overlays_image=&#8221;on&#8221; background_image=&#8221;http:\/\/ittesmosttarsulat.hu\/wp-content\/uploads\/2024\/12\/Erno-es-Kalman-honlapra-2.png&#8221; width=&#8221;100%&#8221; max_width=&#8221;100%&#8221; max_width_tablet=&#8221;&#8221; max_width_phone=&#8221;&#8221; max_width_last_edited=&#8221;on|desktop&#8221; height=&#8221;95vh&#8221; custom_padding=&#8221;30rem||30rem||true|false&#8221; custom_padding_tablet=&#8221;5vw||5vw||true&#8221; hover_enabled=&#8221;0&#8243; locked=&#8221;off&#8221; global_colors_info=&#8221;{}&#8221; title_text=&#8221;Ern\u0151 \u00e9s K\u00e1lm\u00e1n honlapra 2&#8243; sticky_enabled=&#8221;0&#8243;][et_pb_row custom_padding_last_edited=&#8221;on|phone&#8221; _builder_version=&#8221;4.18.0&#8243; _module_preset=&#8221;f0c34866-47d3-4d7a-bdd0-480a57989f3d&#8221; min_height=&#8221;316.6px&#8221; custom_padding_tablet=&#8221;||2rem||false|false&#8221; custom_padding_phone=&#8221;0rem||2rem||false|false&#8221; use_custom_width=&#8221;on&#8221; width_unit=&#8221;off&#8221; custom_width_percent=&#8221;100%&#8221; global_colors_info=&#8221;{}&#8221;][et_pb_column type=&#8221;4_4&#8243; _builder_version=&#8221;4.16&#8243; _module_preset=&#8221;default&#8221; custom_padding=&#8221;|||&#8221; global_colors_info=&#8221;{}&#8221; custom_padding__hover=&#8221;|||&#8221;][et_pb_text _builder_version=&#8221;4.20.2&#8243; _module_preset=&#8221;default&#8221; header_text_color=&#8221;#FFFFFF&#8221; custom_margin=&#8221;||0rem||false|false&#8221; custom_margin_tablet=&#8221;||0rem||false|false&#8221; custom_margin_phone=&#8221;||2em||false|false&#8221; custom_margin_last_edited=&#8221;on|phone&#8221; global_colors_info=&#8221;{}&#8221;]<\/p>\n<h5 style=\"text-align: center;\"><span style=\"color: #ffffff;\">News and blog<\/span><\/h5>\n<p>[\/et_pb_text][et_pb_text _builder_version=&#8221;4.19.1&#8243; _module_preset=&#8221;default&#8221; header_text_color=&#8221;#FFFFFF&#8221; custom_margin=&#8221;||0rem||false|false&#8221; custom_margin_tablet=&#8221;||0rem||false|false&#8221; custom_margin_phone=&#8221;||2em||false|false&#8221; custom_margin_last_edited=&#8221;on|phone&#8221; custom_padding=&#8221;||15px|||&#8221; global_colors_info=&#8221;{}&#8221;]<\/p>\n<h1 style=\"text-align: center;\">We wrote it, or it&#039;s about us<\/h1>\n<p>[\/et_pb_text][et_pb_text disabled_on=&#8221;on|off|off&#8221; _builder_version=&#8221;4.20.2&#8243; _module_preset=&#8221;6760c19d-b363-4907-b8ee-b996b2723367&#8243; text_text_color=&#8221;#FFFFFF&#8221; custom_padding=&#8221;0px|||||&#8221; global_colors_info=&#8221;{}&#8221;]<\/p>\n<h6 style=\"text-align: center;\"><span style=\"color: #ffffff;\">About our company, our performances, our programs<\/span><\/h6>\n<p>[\/et_pb_text][\/et_pb_column][\/et_pb_row][\/et_pb_section][et_pb_section fb_built=&#8221;1&#8243; admin_label=&#8221;Blog&#8221; _builder_version=&#8221;4.19.1&#8243; _module_preset=&#8221;default&#8221; background_image=&#8221;http:\/\/ittesmosttarsulat.hu\/wp-content\/uploads\/2022\/10\/art-gallery-55.jpg&#8221; background_size=&#8221;initial&#8221; custom_padding=&#8221;2rem||2rem||true|false&#8221; collapsed=&#8221;on&#8221; global_colors_info=&#8221;{}&#8221;][et_pb_row _builder_version=&#8221;4.18.0&#8243; _module_preset=&#8221;default&#8221; global_colors_info=&#8221;{}&#8221;][et_pb_column type=&#8221;4_4&#8243; _builder_version=&#8221;4.18.0&#8243; _module_preset=&#8221;default&#8221; global_colors_info=&#8221;{}&#8221;][et_pb_text _builder_version=&#8221;4.19.1&#8243; _module_preset=&#8221;c16985e1-e0d6-4022-964d-e2bfc04fa633&#8243; header_text_color=&#8221;#000000&#8243; header_line_height=&#8221;1.2em&#8221; header_font_size_tablet=&#8221;40px&#8221; header_font_size_phone=&#8221;24px&#8221; header_font_size_last_edited=&#8221;on|desktop&#8221; global_colors_info=&#8221;{}&#8221;]<\/p>\n<h2>My own writings<\/h2>\n<p>[\/et_pb_text][\/et_pb_column][\/et_pb_row][et_pb_row _builder_version=&#8221;4.20.2&#8243; _module_preset=&#8221;default&#8221; custom_padding=&#8221;0px||||false|false&#8221; global_colors_info=&#8221;{}&#8221;][et_pb_column type=&#8221;4_4&#8243; _builder_version=&#8221;4.18.0&#8243; _module_preset=&#8221;default&#8221; global_colors_info=&#8221;{}&#8221;][et_pb_blog fullwidth=&#8221;off&#8221; posts_number=&#8221;6&#8243; include_categories=&#8221;24&#8243; excerpt_length=&#8221;100&#8243; show_author=&#8221;off&#8221; show_date=&#8221;off&#8221; show_categories=&#8221;off&#8221; disabled_on=&#8221;off|off|off&#8221; _builder_version=&#8221;4.20.2&#8243; _module_preset=&#8221;1dabccf4-86c8-432f-804d-c6f13b50e5ce&#8221; header_font=&#8221;|700|||||||&#8221; header_font_size=&#8221;20px&#8221; body_font=&#8221;||||||||&#8221; body_text_color=&#8221;gcid-869f4c9d-6bb0-4a5e-ae84-784939b37d36&#8243; body_line_height=&#8221;1.6em&#8221; meta_font=&#8221;|500|||||||&#8221; meta_text_color=&#8221;#B1D249&#8243; meta_font_size=&#8221;16px&#8221; read_more_font=&#8221;Work Sans|700||on|||||&#8221; read_more_text_color=&#8221;#000000&#8243; read_more_letter_spacing=&#8221;1px&#8221; pagination_font=&#8221;|700||on|||||&#8221; pagination_text_color=&#8221;#000000&#8243; pagination_letter_spacing=&#8221;1px&#8221; header_font_size_tablet=&#8221;16px&#8221; header_font_size_phone=&#8221;15px&#8221; header_font_size_last_edited=&#8221;on|desktop&#8221; meta_font_size_tablet=&#8221;15px&#8221; meta_font_size_phone=&#8221;14px&#8221; meta_font_size_last_edited=&#8221;on|desktop&#8221; border_width_all=&#8221;0px&#8221; locked=&#8221;off&#8221; global_colors_info=&#8221;{%22gcid-869f4c9d-6bb0-4a5e-ae84-784939b37d36%22:%91%22body_text_color%22%93}&#8221;][\/et_pb_blog][\/et_pb_column][\/et_pb_row][\/et_pb_section][et_pb_section fb_built=&#8221;1&#8243; admin_label=&#8221;Blog&#8221; _builder_version=&#8221;4.19.1&#8243; _module_preset=&#8221;default&#8221; background_image=&#8221;http:\/\/ittesmosttarsulat.hu\/wp-content\/uploads\/2022\/10\/art-gallery-55.jpg&#8221; background_size=&#8221;initial&#8221; custom_padding=&#8221;5rem||5rem||true|false&#8221; collapsed=&#8221;on&#8221; global_colors_info=&#8221;{}&#8221;][et_pb_row _builder_version=&#8221;4.19.1&#8243; _module_preset=&#8221;default&#8221; custom_padding=&#8221;0rem||||false|false&#8221; global_colors_info=&#8221;{}&#8221;][et_pb_column type=&#8221;4_4&#8243; _builder_version=&#8221;4.18.0&#8243; _module_preset=&#8221;default&#8221; global_colors_info=&#8221;{}&#8221;][et_pb_text _builder_version=&#8221;4.19.1&#8243; _module_preset=&#8221;c16985e1-e0d6-4022-964d-e2bfc04fa633&#8243; header_text_color=&#8221;#000000&#8243; header_line_height=&#8221;1.2em&#8221; custom_margin=&#8221;||0rem||false|false&#8221; header_font_size_tablet=&#8221;40px&#8221; header_font_size_phone=&#8221;24px&#8221; header_font_size_last_edited=&#8221;on|desktop&#8221; global_colors_info=&#8221;{}&#8221;]<\/p>\n<h2>They wrote this about us<\/h2>\n<p>[\/et_pb_text][\/et_pb_column][\/et_pb_row][et_pb_row _builder_version=&#8221;4.18.0&#8243; _module_preset=&#8221;default&#8221; custom_padding=&#8221;0px||||false|false&#8221; global_colors_info=&#8221;{}&#8221;][et_pb_column type=&#8221;4_4&#8243; _builder_version=&#8221;4.18.0&#8243; _module_preset=&#8221;default&#8221; global_colors_info=&#8221;{}&#8221;][et_pb_blog fullwidth=&#8221;off&#8221; posts_number=&#8221;6&#8243; include_categories=&#8221;23&#8243; excerpt_length=&#8221;100&#8243; show_author=&#8221;off&#8221; show_date=&#8221;off&#8221; show_categories=&#8221;off&#8221; _builder_version=&#8221;4.20.2&#8243; _module_preset=&#8221;1dabccf4-86c8-432f-804d-c6f13b50e5ce&#8221; header_font=&#8221;|700|||||||&#8221; header_font_size=&#8221;20px&#8221; body_font=&#8221;||||||||&#8221; body_text_color=&#8221;gcid-869f4c9d-6bb0-4a5e-ae84-784939b37d36&#8243; body_line_height=&#8221;1.6em&#8221; meta_font=&#8221;|500|||||||&#8221; meta_text_color=&#8221;#B1D249&#8243; meta_font_size=&#8221;16px&#8221; read_more_font=&#8221;Work Sans|700||on|||||&#8221; read_more_text_color=&#8221;#000000&#8243; read_more_letter_spacing=&#8221;1px&#8221; pagination_font=&#8221;|700||on|||||&#8221; pagination_text_color=&#8221;#000000&#8243; pagination_letter_spacing=&#8221;1px&#8221; custom_padding=&#8221;0rem||0rem||true|false&#8221; header_font_size_tablet=&#8221;16px&#8221; header_font_size_phone=&#8221;15px&#8221; header_font_size_last_edited=&#8221;on|desktop&#8221; meta_font_size_tablet=&#8221;15px&#8221; meta_font_size_phone=&#8221;14px&#8221; meta_font_size_last_edited=&#8221;on|desktop&#8221; border_width_all=&#8221;0px&#8221; locked=&#8221;off&#8221; global_colors_info=&#8221;{%22gcid-869f4c9d-6bb0-4a5e-ae84-784939b37d36%22:%91%22body_text_color%22%93}&#8221;][\/et_pb_blog][\/et_pb_column][\/et_pb_row][\/et_pb_section][et_pb_section fb_built=&#8221;1&#8243; custom_padding_last_edited=&#8221;on|phone&#8221; admin_label=&#8221;CTA&#8221; _builder_version=&#8221;4.18.0&#8243; _module_preset=&#8221;default&#8221; background_color=&#8221;#B1D249&#8243; background_image=&#8221;http:\/\/ittesmosttarsulat.hu\/wp-content\/uploads\/2022\/10\/Wall-text.webp&#8221; background_size=&#8221;initial&#8221; background_repeat=&#8221;repeat&#8221; background_blend=&#8221;overlay&#8221; custom_padding=&#8221;5rem||5rem||true|false&#8221; custom_padding_tablet=&#8221;2rem||2rem||true|false&#8221; custom_padding_phone=&#8221;2rem||2rem||true|false&#8221; global_module=&#8221;4162&#8243; global_colors_info=&#8221;{}&#8221;][et_pb_row custom_padding_last_edited=&#8221;on|phone&#8221; _builder_version=&#8221;4.18.0&#8243; _module_preset=&#8221;default&#8221; custom_margin=&#8221;||||false|false&#8221; custom_margin_tablet=&#8221;&#8221; custom_margin_phone=&#8221;&#8221; custom_margin_last_edited=&#8221;on|phone&#8221; custom_padding=&#8221;0em||0em||true|false&#8221; custom_padding_tablet=&#8221;||0em||false|false&#8221; custom_padding_phone=&#8221;0em||0em||true|false&#8221; global_colors_info=&#8221;{}&#8221;][et_pb_column type=&#8221;4_4&#8243; _builder_version=&#8221;4.18.0&#8243; _module_preset=&#8221;default&#8221; global_colors_info=&#8221;{}&#8221;][et_pb_text _builder_version=&#8221;4.18.0&#8243; _module_preset=&#8221;6760c19d-b363-4907-b8ee-b996b2723367&#8243; text_text_color=&#8221;#FFFFFF&#8221; header_2_text_color=&#8221;#FFFFFF&#8221; custom_margin=&#8221;||0em||false|false&#8221; custom_margin_tablet=&#8221;&#8221; custom_margin_phone=&#8221;||0em||false|false&#8221; custom_margin_last_edited=&#8221;on|phone&#8221; custom_padding=&#8221;||0em||false|false&#8221; global_colors_info=&#8221;{}&#8221;]<\/p>\n<h5 style=\"text-align: left;\">Newsletter<\/h5>\n<p>[\/et_pb_text][\/et_pb_column][\/et_pb_row][et_pb_row _builder_version=&#8221;4.18.0&#8243; _module_preset=&#8221;default&#8221; custom_margin=&#8221;0em||0em||true|false&#8221; custom_padding=&#8221;0em|0em|0em|0em|true|true&#8221; global_colors_info=&#8221;{}&#8221;][et_pb_column type=&#8221;4_4&#8243; _builder_version=&#8221;4.18.0&#8243; _module_preset=&#8221;default&#8221; global_colors_info=&#8221;{}&#8221;][et_pb_signup provider=&#8221;mailerlite&#8221; mailerlite_list=&#8221;Itt \u00e9s Most T\u00e1rsulat|70025428579911667&#8243; first_name_field=&#8221;off&#8221; last_name_field=&#8221;off&#8221; use_custom_fields=&#8221;on&#8221; success_message=&#8221;K\u00f6sz\u00f6nj\u00fck, hogy feliratkozt\u00e1l! Hamarosan kapni fogsz egy emailt, hol meg kell er\u0151s\u00edtened a feliratkoz\u00e1sod, hogy biztosan megkapd a legfrissebb inform\u00e1ci\u00f3inkat.&#8221; title=&#8221;\u00c9rdekel, hogy mit csin\u00e1lunk? Iratkozz fel h\u00edrlevel\u00fcnkre!&#8221; button_text=&#8221;Feliratkoz\u00e1s&#8221; _builder_version=&#8221;4.19.4&#8243; _module_preset=&#8221;default&#8221; form_field_background_color=&#8221;RGBA(255,255,255,0)&#8221; form_field_text_color=&#8221;#000000&#8243; form_field_focus_background_color=&#8221;RGBA(0,0,0,0.28)&#8221; form_field_focus_text_color=&#8221;#000000&#8243; header_font=&#8221;|700|||||||&#8221; header_text_color=&#8221;#000000&#8243; header_font_size=&#8221;3.2rem&#8221; form_field_font=&#8221;|600|||||||&#8221; form_field_text_align=&#8221;left&#8221; form_field_font_size=&#8221;1rem&#8221; background_enable_color=&#8221;off&#8221; custom_button=&#8221;on&#8221; button_text_size=&#8221;1rem&#8221; button_text_color=&#8221;#000000&#8243; button_custom_padding=&#8221;1em|2.5em|1em|2.5em|true|true&#8221; custom_padding=&#8221;|0em||0em|false|true&#8221; header_font_size_tablet=&#8221;2.7rem&#8221; header_font_size_phone=&#8221;1.9rem&#8221; header_font_size_last_edited=&#8221;on|tablet&#8221; border_radii_fields=&#8221;on|0px|0px|0px|0px&#8221; border_width_bottom_fields=&#8221;1px&#8221; border_color_bottom_fields=&#8221;#000000&#8243; global_colors_info=&#8221;{}&#8221;][et_pb_signup_custom_field field_id=&#8221;vezeteknev&#8221; field_title=&#8221;Vezet\u00e9kn\u00e9v&#8221; field_type=&#8221;input&#8221; _builder_version=&#8221;4.18.0&#8243; _module_preset=&#8221;default&#8221; global_colors_info=&#8221;{}&#8221; predefined_field=&#8221;vezeteknev&#8221;][\/et_pb_signup_custom_field][et_pb_signup_custom_field field_id=&#8221;keresztnev&#8221; field_title=&#8221;Keresztn\u00e9v&#8221; field_type=&#8221;input&#8221; _builder_version=&#8221;4.18.0&#8243; _module_preset=&#8221;default&#8221; global_colors_info=&#8221;{}&#8221; predefined_field=&#8221;keresztnev&#8221;][\/et_pb_signup_custom_field][et_pb_signup_custom_field field_id=&#8221;erdeklodesi_kor&#8221; field_title=&#8221;\u00c9rdekl\u0151d\u00e9si k\u00f6r&#8221; field_type=&#8221;select&#8221; select_options=&#8221;%91{%22value%22:%22K\u00e9pz\u00e9sek%22,%22checked%22:0,%22dragID%22:-1},{%22value%22:%22M\u0171sorok%22,%22checked%22:0,%22dragID%22:0},{%22value%22:%22Komplex iskolai programok%22,%22checked%22:0,%22dragID%22:1},{%22value%22:%22C\u00e9ges aj\u00e1nlatok%22,%22checked%22:0,%22dragID%22:2}%93&#8243; required_mark=&#8221;off&#8221; _builder_version=&#8221;4.18.0&#8243; _module_preset=&#8221;default&#8221; global_colors_info=&#8221;{}&#8221; predefined_field=&#8221;erdeklodesi_kor&#8221;][\/et_pb_signup_custom_field][\/et_pb_signup][\/et_pb_column][\/et_pb_row][\/et_pb_section]<\/p>","protected":false},"excerpt":{"rendered":"<p>H\u00edrek \u00e9s blogMi \u00edrtuk, vagy r\u00f3lunk sz\u00f3lT\u00e1rsulatunkr\u00f3l, el\u0151ad\u00e1sainkr\u00f3l, programjainkr\u00f3lSaj\u00e1t \u00edr\u00e1sokR\u00f3lunk \u00edrt\u00e1kH\u00edrlev\u00e9l<\/p>","protected":false},"author":6,"featured_media":0,"parent":0,"menu_order":10,"comment_status":"closed","ping_status":"closed","template":"","meta":{"_et_pb_use_builder":"on","_et_pb_old_content":"<!-- wp:divi\/placeholder \/-->","_et_gb_content_width":""},"yoast_head":"<!-- This site is optimized with the Yoast SEO plugin v21.1 - https:\/\/yoast.com\/wordpress\/plugins\/seo\/ -->\n<title>H\u00edrek \u00e9s blog | ITT \u00c9S MOST T\u00c1RSULAT<\/title>\n<meta name=\"robots\" content=\"index, follow, max-snippet:-1, max-image-preview:large, max-video-preview:-1\" \/>\n<link rel=\"canonical\" href=\"https:\/\/ittesmosttarsulat.hu\/en\/hirek-es-blog\/\" \/>\n<meta property=\"og:locale\" content=\"en_US\" \/>\n<meta property=\"og:type\" content=\"article\" \/>\n<meta property=\"og:title\" content=\"H\u00edrek \u00e9s blog | ITT \u00c9S MOST T\u00c1RSULAT\" \/>\n<meta property=\"og:description\" content=\"H\u00edrek \u00e9s blogMi \u00edrtuk, vagy r\u00f3lunk sz\u00f3lT\u00e1rsulatunkr\u00f3l, el\u0151ad\u00e1sainkr\u00f3l, programjainkr\u00f3lSaj\u00e1t \u00edr\u00e1sokR\u00f3lunk \u00edrt\u00e1kH\u00edrlev\u00e9l\" \/>\n<meta property=\"og:url\" content=\"https:\/\/ittesmosttarsulat.hu\/en\/hirek-es-blog\/\" \/>\n<meta property=\"og:site_name\" content=\"ITT \u00c9S MOST T\u00c1RSULAT\" \/>\n<meta property=\"article:publisher\" content=\"https:\/\/www.facebook.com\/ittesmosttarsulat\" \/>\n<meta property=\"article:modified_time\" content=\"2024-12-16T10:56:56+00:00\" \/>\n<meta name=\"twitter:card\" content=\"summary_large_image\" \/>\n<meta name=\"twitter:label1\" content=\"Est. reading time\" \/>\n\t<meta name=\"twitter:data1\" content=\"8 minutes\" \/>\n<script type=\"application\/ld+json\" class=\"yoast-schema-graph\">{\"@context\":\"https:\/\/schema.org\",\"@graph\":[{\"@type\":\"WebPage\",\"@id\":\"https:\/\/ittesmosttarsulat.hu\/hirek-es-blog\/\",\"url\":\"https:\/\/ittesmosttarsulat.hu\/hirek-es-blog\/\",\"name\":\"H\u00edrek \u00e9s blog | ITT \u00c9S MOST T\u00c1RSULAT\",\"isPartOf\":{\"@id\":\"https:\/\/ittesmosttarsulat.hu\/#website\"},\"datePublished\":\"2022-10-25T22:23:06+00:00\",\"dateModified\":\"2024-12-16T10:56:56+00:00\",\"breadcrumb\":{\"@id\":\"https:\/\/ittesmosttarsulat.hu\/hirek-es-blog\/#breadcrumb\"},\"inLanguage\":\"en-US\",\"potentialAction\":[{\"@type\":\"ReadAction\",\"target\":[\"https:\/\/ittesmosttarsulat.hu\/hirek-es-blog\/\"]}]},{\"@type\":\"BreadcrumbList\",\"@id\":\"https:\/\/ittesmosttarsulat.hu\/hirek-es-blog\/#breadcrumb\",\"itemListElement\":[{\"@type\":\"ListItem\",\"position\":1,\"name\":\"Home\",\"item\":\"https:\/\/ittesmosttarsulat.hu\/\"},{\"@type\":\"ListItem\",\"position\":2,\"name\":\"H\u00edrek \u00e9s blog\"}]},{\"@type\":\"WebSite\",\"@id\":\"https:\/\/ittesmosttarsulat.hu\/#website\",\"url\":\"https:\/\/ittesmosttarsulat.hu\/\",\"name\":\"ITT \u00c9S MOST T\u00c1RSULAT\",\"description\":\"Improviz\u00e1ci\u00f3s sz\u00ednh\u00e1z, csapat\u00e9p\u00edt\u00e9s\",\"publisher\":{\"@id\":\"https:\/\/ittesmosttarsulat.hu\/#organization\"},\"potentialAction\":[{\"@type\":\"SearchAction\",\"target\":{\"@type\":\"EntryPoint\",\"urlTemplate\":\"https:\/\/ittesmosttarsulat.hu\/?s={search_term_string}\"},\"query-input\":\"required name=search_term_string\"}],\"inLanguage\":\"en-US\"},{\"@type\":\"Organization\",\"@id\":\"https:\/\/ittesmosttarsulat.hu\/#organization\",\"name\":\"ITT \u00c9S MOST T\u00c1RSULAT\",\"url\":\"https:\/\/ittesmosttarsulat.hu\/\",\"logo\":{\"@type\":\"ImageObject\",\"inLanguage\":\"en-US\",\"@id\":\"https:\/\/ittesmosttarsulat.hu\/#\/schema\/logo\/image\/\",\"url\":\"http:\/\/ittesmosttarsulat.hu\/wp-content\/uploads\/2022\/10\/main-menu-logo.png\",\"contentUrl\":\"http:\/\/ittesmosttarsulat.hu\/wp-content\/uploads\/2022\/10\/main-menu-logo.png\",\"width\":200,\"height\":100,\"caption\":\"ITT \u00c9S MOST T\u00c1RSULAT\"},\"image\":{\"@id\":\"https:\/\/ittesmosttarsulat.hu\/#\/schema\/logo\/image\/\"},\"sameAs\":[\"https:\/\/www.facebook.com\/ittesmosttarsulat\"]}]}<\/script>\n<!-- \/ Yoast SEO plugin. -->","yoast_head_json":{"title":"H\u00edrek \u00e9s blog | ITT \u00c9S MOST T\u00c1RSULAT","robots":{"index":"index","follow":"follow","max-snippet":"max-snippet:-1","max-image-preview":"max-image-preview:large","max-video-preview":"max-video-preview:-1"},"canonical":"https:\/\/ittesmosttarsulat.hu\/en\/hirek-es-blog\/","og_locale":"en_US","og_type":"article","og_title":"H\u00edrek \u00e9s blog | ITT \u00c9S MOST T\u00c1RSULAT","og_description":"H\u00edrek \u00e9s blogMi \u00edrtuk, vagy r\u00f3lunk sz\u00f3lT\u00e1rsulatunkr\u00f3l, el\u0151ad\u00e1sainkr\u00f3l, programjainkr\u00f3lSaj\u00e1t \u00edr\u00e1sokR\u00f3lunk \u00edrt\u00e1kH\u00edrlev\u00e9l","og_url":"https:\/\/ittesmosttarsulat.hu\/en\/hirek-es-blog\/","og_site_name":"ITT \u00c9S MOST T\u00c1RSULAT","article_publisher":"https:\/\/www.facebook.com\/ittesmosttarsulat","article_modified_time":"2024-12-16T10:56:56+00:00","twitter_card":"summary_large_image","twitter_misc":{"Est. reading time":"8 minutes"},"schema":{"@context":"https:\/\/schema.org","@graph":[{"@type":"WebPage","@id":"https:\/\/ittesmosttarsulat.hu\/hirek-es-blog\/","url":"https:\/\/ittesmosttarsulat.hu\/hirek-es-blog\/","name":"H\u00edrek \u00e9s blog | ITT \u00c9S MOST T\u00c1RSULAT","isPartOf":{"@id":"https:\/\/ittesmosttarsulat.hu\/#website"},"datePublished":"2022-10-25T22:23:06+00:00","dateModified":"2024-12-16T10:56:56+00:00","breadcrumb":{"@id":"https:\/\/ittesmosttarsulat.hu\/hirek-es-blog\/#breadcrumb"},"inLanguage":"en-US","potentialAction":[{"@type":"ReadAction","target":["https:\/\/ittesmosttarsulat.hu\/hirek-es-blog\/"]}]},{"@type":"BreadcrumbList","@id":"https:\/\/ittesmosttarsulat.hu\/hirek-es-blog\/#breadcrumb","itemListElement":[{"@type":"ListItem","position":1,"name":"Home","item":"https:\/\/ittesmosttarsulat.hu\/"},{"@type":"ListItem","position":2,"name":"H\u00edrek \u00e9s blog"}]},{"@type":"WebSite","@id":"https:\/\/ittesmosttarsulat.hu\/#website","url":"https:\/\/ittesmosttarsulat.hu\/","name":"ITT \u00c9S MOST T\u00c1RSULAT","description":"Improviz\u00e1ci\u00f3s sz\u00ednh\u00e1z, csapat\u00e9p\u00edt\u00e9s","publisher":{"@id":"https:\/\/ittesmosttarsulat.hu\/#organization"},"potentialAction":[{"@type":"SearchAction","target":{"@type":"EntryPoint","urlTemplate":"https:\/\/ittesmosttarsulat.hu\/?s={search_term_string}"},"query-input":"required name=search_term_string"}],"inLanguage":"en-US"},{"@type":"Organization","@id":"https:\/\/ittesmosttarsulat.hu\/#organization","name":"ITT \u00c9S MOST T\u00c1RSULAT","url":"https:\/\/ittesmosttarsulat.hu\/","logo":{"@type":"ImageObject","inLanguage":"en-US","@id":"https:\/\/ittesmosttarsulat.hu\/#\/schema\/logo\/image\/","url":"http:\/\/ittesmosttarsulat.hu\/wp-content\/uploads\/2022\/10\/main-menu-logo.png","contentUrl":"http:\/\/ittesmosttarsulat.hu\/wp-content\/uploads\/2022\/10\/main-menu-logo.png","width":200,"height":100,"caption":"ITT \u00c9S MOST T\u00c1RSULAT"},"image":{"@id":"https:\/\/ittesmosttarsulat.hu\/#\/schema\/logo\/image\/"},"sameAs":["https:\/\/www.facebook.com\/ittesmosttarsulat"]}]}},"_links":{"self":[{"href":"https:\/\/ittesmosttarsulat.hu\/en\/wp-json\/wp\/v2\/pages\/4407"}],"collection":[{"href":"https:\/\/ittesmosttarsulat.hu\/en\/wp-json\/wp\/v2\/pages"}],"about":[{"href":"https:\/\/ittesmosttarsulat.hu\/en\/wp-json\/wp\/v2\/types\/page"}],"author":[{"embeddable":true,"href":"https:\/\/ittesmosttarsulat.hu\/en\/wp-json\/wp\/v2\/users\/6"}],"replies":[{"embeddable":true,"href":"https:\/\/ittesmosttarsulat.hu\/en\/wp-json\/wp\/v2\/comments?post=4407"}],"version-history":[{"count":21,"href":"https:\/\/ittesmosttarsulat.hu\/en\/wp-json\/wp\/v2\/pages\/4407\/revisions"}],"predecessor-version":[{"id":8490,"href":"https:\/\/ittesmosttarsulat.hu\/en\/wp-json\/wp\/v2\/pages\/4407\/revisions\/8490"}],"wp:attachment":[{"href":"https:\/\/ittesmosttarsulat.hu\/en\/wp-json\/wp\/v2\/media?parent=4407"}],"curies":[{"name":"wp","href":"https:\/\/api.w.org\/{rel}","templated":true}]}}