{"id":7072,"date":"2023-09-30T14:40:25","date_gmt":"2023-09-30T13:40:25","guid":{"rendered":"https:\/\/ittesmosttarsulat.hu\/events-2\/"},"modified":"2023-09-30T16:19:26","modified_gmt":"2023-09-30T15:19:26","slug":"events-2","status":"publish","type":"page","link":"https:\/\/ittesmosttarsulat.hu\/en\/events-2\/","title":{"rendered":"Events"},"content":{"rendered":"<div class=\"event_listings\" data-location=\"\" data-keywords=\"\" data-show_filters=\"true\" data-show_pagination=\"false\" data-per_page=\"10\" data-orderby=\"meta_value\" data-order=\"ASC\" data-datetimes=\"\" data-categories=\"\" data-event_types=\"\" data-ticket_prices=\"\" data-event_online=\"\" >\r\n<form class=\"wpem-main wpem-form-wrapper wpem-event-filter-wrapper event_filters\" id=\"event_filters\" action=\"\">\r\n\t\t<div class=\"search_events search-form-container\">\r\n\t\t\t\t<div class=\"wpem-row\">\r\n\t\t\t<!-- Search by keywords section start -->\r\n\t\t\t<div class=\"wpem-col\">\r\n\t\t\t\t<!-- shows default keywords text field  start-->\r\n\t\t\t\t<div class=\"wpem-form-group\">\r\n\t\t\t\t\t<label for=\"search_keywords\" class=\"wpem-form-label\">Keywords<\/label>\r\n\t\t\t\t\t<input type=\"text\" name=\"search_keywords\" id=\"search_keywords\" placeholder=\"Keywords\" value=\"\" \/>\r\n\t\t\t\t<\/div>\r\n\t\t\t\t<!-- shows default keywords text field end -->\r\n\t\t\t<\/div>\r\n\t\t\t<!-- Search by keywords section end-->\r\n\r\n\t\t\t<!-- Search by location section start -->\r\n\t\t\t<div class=\"wpem-col\">\r\n\t\t\t\t<div class=\"wpem-form-group wpem-location-container\">\r\n\t\t\t\t\t<label for=\"search_location\" class=\"wpem-form-label\">Location<\/label>\r\n\t\t\t\t\t<input type=\"text\" name=\"search_location\" id=\"search_location\" placeholder=\"Location\" value=\"\" \/>\r\n\t\t\t\t<\/div>\r\n\t\t\t<\/div>\r\n\t\t\t<!-- Search by location section end -->\r\n\r\n\t\t\t<!-- Search by date section start -->\r\n\t\t\t\r\n\t\t\t\t<div class=\"wpem-col\">\r\n\t\t\t\t\t<div class=\"wpem-form-group\">\r\n\t\t\t\t\t\t<label for=\"search_datetimes\" class=\"wpem-form-label\">Any dates<\/label>\r\n\t\t\t\t\t\t<input type=\"text\" name=\"search_datetimes[]\" id=\"search_datetimes\" value='' class=\"event-manager-category-dropdown date_range_picker\">\r\n\t\t\t\t\t<\/div>\r\n\t\t\t\t<\/div>\r\n\t\t\t\t\t\t<!-- Search by date section end -->\r\n\r\n\t\t<\/div> <!-- \/row -->\r\n\t\t<div class=\"wpem-row\">\r\n\t\t\t<!-- Search by event categories section start -->\r\n\t\t\t\t\t\t\t<div class=\"wpem-col\">\r\n\t\t\t\t\t<div class=\"wpem-form-group\">\r\n\t\t\t\t\t\t<label for=\"search_categories\" class=\"wpem-form-label\">Category<\/label>\r\n\t\t\t\t\t\t<select name='search_categories[]' id='search_categories' class='event-manager-category-dropdown'  data-placeholder='Choose a Category' data-no_results_text='No results match' data-multiple_text='Choose a Category'>\n<option value=\"\">Choose an Event Category<\/option>\t<option class=\"level-0\" value=\"beszelgetes\">Talk<\/option>\n\t<option class=\"level-0\" value=\"egyeb\">Other<\/option>\n\t<option class=\"level-0\" value=\"eloadas\">Lecture<\/option>\n\t<option class=\"level-0\" value=\"english-speaking\">ENGLISH speaking<\/option>\n\t<option class=\"level-0\" value=\"irodalom\">Literature<\/option>\n\t<option class=\"level-0\" value=\"jatek\">Game<\/option>\n\t<option class=\"level-0\" value=\"kiallitas\">Exhibition<\/option>\n\t<option class=\"level-0\" value=\"workshop\">Workshop<\/option>\n<\/select>\n\t\t\t\t\t<\/div>\r\n\t\t\t\t<\/div>\r\n\t\t\t\t\t\t<!-- Search by event categories section end -->\r\n\r\n\t\t\t<!-- Search by event type section start -->\r\n\t\t\t\t\t\t\t<div class=\"wpem-col\">\r\n\t\t\t\t\t<div class=\"wpem-form-group\">\r\n\t\t\t\t\t\t<label for=\"search_event_types\" class=\"wpem-form-label\">Event Type<\/label>\r\n\t\t\t\t\t\t<select name='search_event_types[]' id='search_event_types' class='event-manager-category-dropdown'  data-placeholder='Choose an event type' data-no_results_text='No results match' data-multiple_text='Choose an event type'>\n<option value=\"\">Choose an Event Type<\/option>\t<option class=\"level-0\" value=\"itt-es-most-kozossegi-ter\">Here and Now Community Square<\/option>\n\t<option class=\"level-0\" value=\"kettospont-szinhaz\">Colon Theater<\/option>\n\t<option class=\"level-0\" value=\"maszinhaz\">Other Theatre<\/option>\n\t<option class=\"level-0\" value=\"pinceszinhaz\">Basement theater<\/option>\n\t<option class=\"level-0\" value=\"puder\">Powder<\/option>\n\t<option class=\"level-0\" value=\"studio-k-szinhaz\">Studio K Theatre<\/option>\n\t<option class=\"level-0\" value=\"vershaker\">VerShaker<\/option>\n<\/select>\n\t\t\t\t\t<\/div>\r\n\t\t\t\t<\/div>\r\n\t\t\t\t\t\t<!-- Search by event type section end -->\r\n\t\t<\/div> <!-- \/row -->\r\n\r\n\t\t\r\n\t<\/div>\r\n\t<div class=\"showing_applied_filters\"><\/div><input type=\"hidden\" name=\"trp-form-language\" value=\"en\"\/><\/form>\r\n<noscript>Your browser does not support JavaScript, or it is disabled. JavaScript must be enabled in order to view listings.<\/noscript><div class=\"wpem-main wpem-event-listings-header\">\r\n    <div class=\"wpem-row\">\r\n        <div class=\"wpem-col wpem-col-12 wpem-col-sm-6 wpem-col-md-6 wpem-col-lg-8\">\r\n            <div class=\"wpem-event-listing-header-title\">\r\n                                    <h2 class=\"wpem-heading-text\">Events<\/h2>\r\n                            <\/div>\r\n        <\/div>\r\n        <div class=\"wpem-col wpem-col-12 wpem-col-sm-6 wpem-col-md-6 wpem-col-lg-4\">\r\n            <div class=\"wpem-event-layout-action-wrapper\">\r\n                <div class=\"wpem-event-layout-action\">\r\n                                                                    <div class=\"wpem-event-layout-icon wpem-event-box-layout\" title=\"Events Box View\" id=\"wpem-event-box-layout\"><i class=\"wpem-icon-stop2\"><\/i><\/div>\r\n                        <div class=\"wpem-event-layout-icon wpem-event-list-layout wpem-active-layout\" title=\"Events List View\" id=\"wpem-event-list-layout\"><i class=\"wpem-icon-menu\"><\/i><\/div>\r\n                                                            <\/div>\r\n            <\/div>\r\n        <\/div>\r\n    <\/div>\r\n<\/div>\r\n\r\n<!-- Event listing view -->\r\n\r\n<div class=\"event_listings_main\">\r\n    <div id=\"event-listing-view\" class=\"wpem-main wpem-event-listings event_listings wpem-event-listing-list-view\" data-id=\"all\"><\/div>\r\n<div id=\"load_more_events_loader\"><a class=\"load_more_events\" id=\"load_more_events\" href=\"#\"><strong>Load more events<\/strong><\/a><\/div><\/div>\r\n<\/div>","protected":false},"excerpt":{"rendered":"","protected":false},"author":1,"featured_media":0,"parent":0,"menu_order":0,"comment_status":"closed","ping_status":"closed","template":"","meta":{"_et_pb_use_builder":"","_et_pb_old_content":"","_et_gb_content_width":""},"yoast_head":"<!-- This site is optimized with the Yoast SEO plugin v21.1 - https:\/\/yoast.com\/wordpress\/plugins\/seo\/ -->\n<title>Events | ITT \u00c9S MOST T\u00c1RSULAT<\/title>\n<meta name=\"robots\" content=\"index, follow, max-snippet:-1, max-image-preview:large, max-video-preview:-1\" \/>\n<link rel=\"canonical\" href=\"https:\/\/ittesmosttarsulat.hu\/en\/events-2\/\" \/>\n<meta property=\"og:locale\" content=\"en_US\" \/>\n<meta property=\"og:type\" content=\"article\" \/>\n<meta property=\"og:title\" content=\"Events | ITT \u00c9S MOST T\u00c1RSULAT\" \/>\n<meta property=\"og:url\" content=\"https:\/\/ittesmosttarsulat.hu\/en\/events-2\/\" \/>\n<meta property=\"og:site_name\" content=\"ITT \u00c9S MOST T\u00c1RSULAT\" \/>\n<meta property=\"article:publisher\" content=\"https:\/\/www.facebook.com\/ittesmosttarsulat\" \/>\n<meta property=\"article:modified_time\" content=\"2023-09-30T15:19:26+00:00\" \/>\n<meta name=\"twitter:card\" content=\"summary_large_image\" \/>\n<script type=\"application\/ld+json\" class=\"yoast-schema-graph\">{\"@context\":\"https:\/\/schema.org\",\"@graph\":[{\"@type\":\"WebPage\",\"@id\":\"https:\/\/ittesmosttarsulat.hu\/events-2\/\",\"url\":\"https:\/\/ittesmosttarsulat.hu\/events-2\/\",\"name\":\"Events | ITT \u00c9S MOST T\u00c1RSULAT\",\"isPartOf\":{\"@id\":\"https:\/\/ittesmosttarsulat.hu\/#website\"},\"datePublished\":\"2023-09-30T13:40:25+00:00\",\"dateModified\":\"2023-09-30T15:19:26+00:00\",\"breadcrumb\":{\"@id\":\"https:\/\/ittesmosttarsulat.hu\/events-2\/#breadcrumb\"},\"inLanguage\":\"en-US\",\"potentialAction\":[{\"@type\":\"ReadAction\",\"target\":[\"https:\/\/ittesmosttarsulat.hu\/events-2\/\"]}]},{\"@type\":\"BreadcrumbList\",\"@id\":\"https:\/\/ittesmosttarsulat.hu\/events-2\/#breadcrumb\",\"itemListElement\":[{\"@type\":\"ListItem\",\"position\":1,\"name\":\"Home\",\"item\":\"https:\/\/ittesmosttarsulat.hu\/\"},{\"@type\":\"ListItem\",\"position\":2,\"name\":\"Events\"}]},{\"@type\":\"WebSite\",\"@id\":\"https:\/\/ittesmosttarsulat.hu\/#website\",\"url\":\"https:\/\/ittesmosttarsulat.hu\/\",\"name\":\"ITT \u00c9S MOST T\u00c1RSULAT\",\"description\":\"Improviz\u00e1ci\u00f3s sz\u00ednh\u00e1z, csapat\u00e9p\u00edt\u00e9s\",\"publisher\":{\"@id\":\"https:\/\/ittesmosttarsulat.hu\/#organization\"},\"potentialAction\":[{\"@type\":\"SearchAction\",\"target\":{\"@type\":\"EntryPoint\",\"urlTemplate\":\"https:\/\/ittesmosttarsulat.hu\/?s={search_term_string}\"},\"query-input\":\"required name=search_term_string\"}],\"inLanguage\":\"en-US\"},{\"@type\":\"Organization\",\"@id\":\"https:\/\/ittesmosttarsulat.hu\/#organization\",\"name\":\"ITT \u00c9S MOST T\u00c1RSULAT\",\"url\":\"https:\/\/ittesmosttarsulat.hu\/\",\"logo\":{\"@type\":\"ImageObject\",\"inLanguage\":\"en-US\",\"@id\":\"https:\/\/ittesmosttarsulat.hu\/#\/schema\/logo\/image\/\",\"url\":\"http:\/\/ittesmosttarsulat.hu\/wp-content\/uploads\/2022\/10\/main-menu-logo.png\",\"contentUrl\":\"http:\/\/ittesmosttarsulat.hu\/wp-content\/uploads\/2022\/10\/main-menu-logo.png\",\"width\":200,\"height\":100,\"caption\":\"ITT \u00c9S MOST T\u00c1RSULAT\"},\"image\":{\"@id\":\"https:\/\/ittesmosttarsulat.hu\/#\/schema\/logo\/image\/\"},\"sameAs\":[\"https:\/\/www.facebook.com\/ittesmosttarsulat\"]}]}<\/script>\n<!-- \/ Yoast SEO plugin. -->","yoast_head_json":{"title":"Events | ITT \u00c9S MOST T\u00c1RSULAT","robots":{"index":"index","follow":"follow","max-snippet":"max-snippet:-1","max-image-preview":"max-image-preview:large","max-video-preview":"max-video-preview:-1"},"canonical":"https:\/\/ittesmosttarsulat.hu\/en\/events-2\/","og_locale":"en_US","og_type":"article","og_title":"Events | ITT \u00c9S MOST T\u00c1RSULAT","og_url":"https:\/\/ittesmosttarsulat.hu\/en\/events-2\/","og_site_name":"ITT \u00c9S MOST T\u00c1RSULAT","article_publisher":"https:\/\/www.facebook.com\/ittesmosttarsulat","article_modified_time":"2023-09-30T15:19:26+00:00","twitter_card":"summary_large_image","schema":{"@context":"https:\/\/schema.org","@graph":[{"@type":"WebPage","@id":"https:\/\/ittesmosttarsulat.hu\/events-2\/","url":"https:\/\/ittesmosttarsulat.hu\/events-2\/","name":"Events | ITT \u00c9S MOST T\u00c1RSULAT","isPartOf":{"@id":"https:\/\/ittesmosttarsulat.hu\/#website"},"datePublished":"2023-09-30T13:40:25+00:00","dateModified":"2023-09-30T15:19:26+00:00","breadcrumb":{"@id":"https:\/\/ittesmosttarsulat.hu\/events-2\/#breadcrumb"},"inLanguage":"en-US","potentialAction":[{"@type":"ReadAction","target":["https:\/\/ittesmosttarsulat.hu\/events-2\/"]}]},{"@type":"BreadcrumbList","@id":"https:\/\/ittesmosttarsulat.hu\/events-2\/#breadcrumb","itemListElement":[{"@type":"ListItem","position":1,"name":"Home","item":"https:\/\/ittesmosttarsulat.hu\/"},{"@type":"ListItem","position":2,"name":"Events"}]},{"@type":"WebSite","@id":"https:\/\/ittesmosttarsulat.hu\/#website","url":"https:\/\/ittesmosttarsulat.hu\/","name":"ITT \u00c9S MOST T\u00c1RSULAT","description":"Improviz\u00e1ci\u00f3s sz\u00ednh\u00e1z, csapat\u00e9p\u00edt\u00e9s","publisher":{"@id":"https:\/\/ittesmosttarsulat.hu\/#organization"},"potentialAction":[{"@type":"SearchAction","target":{"@type":"EntryPoint","urlTemplate":"https:\/\/ittesmosttarsulat.hu\/?s={search_term_string}"},"query-input":"required name=search_term_string"}],"inLanguage":"en-US"},{"@type":"Organization","@id":"https:\/\/ittesmosttarsulat.hu\/#organization","name":"ITT \u00c9S MOST T\u00c1RSULAT","url":"https:\/\/ittesmosttarsulat.hu\/","logo":{"@type":"ImageObject","inLanguage":"en-US","@id":"https:\/\/ittesmosttarsulat.hu\/#\/schema\/logo\/image\/","url":"http:\/\/ittesmosttarsulat.hu\/wp-content\/uploads\/2022\/10\/main-menu-logo.png","contentUrl":"http:\/\/ittesmosttarsulat.hu\/wp-content\/uploads\/2022\/10\/main-menu-logo.png","width":200,"height":100,"caption":"ITT \u00c9S MOST T\u00c1RSULAT"},"image":{"@id":"https:\/\/ittesmosttarsulat.hu\/#\/schema\/logo\/image\/"},"sameAs":["https:\/\/www.facebook.com\/ittesmosttarsulat"]}]}},"_links":{"self":[{"href":"https:\/\/ittesmosttarsulat.hu\/en\/wp-json\/wp\/v2\/pages\/7072"}],"collection":[{"href":"https:\/\/ittesmosttarsulat.hu\/en\/wp-json\/wp\/v2\/pages"}],"about":[{"href":"https:\/\/ittesmosttarsulat.hu\/en\/wp-json\/wp\/v2\/types\/page"}],"author":[{"embeddable":true,"href":"https:\/\/ittesmosttarsulat.hu\/en\/wp-json\/wp\/v2\/users\/1"}],"replies":[{"embeddable":true,"href":"https:\/\/ittesmosttarsulat.hu\/en\/wp-json\/wp\/v2\/comments?post=7072"}],"version-history":[{"count":1,"href":"https:\/\/ittesmosttarsulat.hu\/en\/wp-json\/wp\/v2\/pages\/7072\/revisions"}],"predecessor-version":[{"id":7103,"href":"https:\/\/ittesmosttarsulat.hu\/en\/wp-json\/wp\/v2\/pages\/7072\/revisions\/7103"}],"wp:attachment":[{"href":"https:\/\/ittesmosttarsulat.hu\/en\/wp-json\/wp\/v2\/media?parent=7072"}],"curies":[{"name":"wp","href":"https:\/\/api.w.org\/{rel}","templated":true}]}}