{"id":7073,"date":"2023-09-30T14:40:25","date_gmt":"2023-09-30T13:40:25","guid":{"rendered":"https:\/\/ittesmosttarsulat.hu\/submit-organizer-form\/"},"modified":"2025-02-17T12:21:19","modified_gmt":"2025-02-17T11:21:19","slug":"submit-organizer-form","status":"publish","type":"page","link":"https:\/\/ittesmosttarsulat.hu\/en\/submit-organizer-form\/","title":{"rendered":"Submit Organizer Form"},"content":{"rendered":"<p>[et_pb_section admin_label=&#8221;section&#8221;]<br \/>\n\t\t\t[et_pb_row admin_label=&#8221;row&#8221;]<br \/>\n\t\t\t\t[et_pb_column type=&#8221;4_4&#8243;][et_pb_text admin_label=&#8221;Text&#8221;]\r\n<form action=\"\/en\/wp-json\/wp\/v2\/pages\/7073\" method=\"post\" id=\"submit-organizer-form\" class=\"wpem-form-wrapper wpem-main event-manager-form\" enctype=\"multipart\/form-data\" data-trp-original-action=\"\/en\/wp-json\/wp\/v2\/pages\/7073\">\r\n            <div class=\"wpem-form-group\">\r\n            <label class=\"wpem-form-label-text\">Have an account?<\/label>\r\n            <div class=\"field account-sign-in wpem-alert wpem-alert-info\">\r\n                <a href=\"https:\/\/ittesmosttarsulat.hu\/wp-login.php\">Log In<\/a>\r\n                 to Submit the List of Organizers from your account.            <\/div>\r\n        <\/div>\r\n    <input type=\"hidden\" name=\"trp-form-language\" value=\"en\"\/><\/form>[\/et_pb_text][\/et_pb_column]<br \/>\n\t\t\t[\/et_pb_row]<br \/>\n\t\t[\/et_pb_section]<\/p>","protected":false},"excerpt":{"rendered":"<form action=\"\/en\/wp-json\/wp\/v2\/pages\/7073\" method=\"post\" id=\"submit-organizer-form\" class=\"wpem-form-wrapper wpem-main event-manager-form\" enctype=\"multipart\/form-data\" data-trp-original-action=\"\/en\/wp-json\/wp\/v2\/pages\/7073\">\r\n            <div class=\"wpem-form-group\">\r\n            <label class=\"wpem-form-label-text\">Have an account?<\/label>\r\n            <div class=\"field account-sign-in wpem-alert wpem-alert-info\">\r\n                <a href=\"https:\/\/ittesmosttarsulat.hu\/wp-login.php\">Log In<\/a>\r\n                 to Submit the List of Organizers from your account.            <\/div>\r\n        <\/div>\r\n    <input type=\"hidden\" name=\"trp-form-language\" value=\"en\"\/><\/form>","protected":false},"author":1,"featured_media":0,"parent":0,"menu_order":0,"comment_status":"closed","ping_status":"closed","template":"","meta":{"_et_pb_use_builder":"on","_et_pb_old_content":"[submit_organizer_form]","_et_gb_content_width":""},"yoast_head":"<!-- This site is optimized with the Yoast SEO plugin v21.1 - https:\/\/yoast.com\/wordpress\/plugins\/seo\/ -->\n<title>Submit Organizer Form | ITT \u00c9S MOST T\u00c1RSULAT<\/title>\n<meta name=\"robots\" content=\"index, follow, max-snippet:-1, max-image-preview:large, max-video-preview:-1\" \/>\n<link rel=\"canonical\" href=\"https:\/\/ittesmosttarsulat.hu\/en\/submit-organizer-form\/\" \/>\n<meta property=\"og:locale\" content=\"en_US\" \/>\n<meta property=\"og:type\" content=\"article\" \/>\n<meta property=\"og:title\" content=\"Submit Organizer Form | ITT \u00c9S MOST T\u00c1RSULAT\" \/>\n<meta property=\"og:url\" content=\"https:\/\/ittesmosttarsulat.hu\/en\/submit-organizer-form\/\" \/>\n<meta property=\"og:site_name\" content=\"ITT \u00c9S MOST T\u00c1RSULAT\" \/>\n<meta property=\"article:publisher\" content=\"https:\/\/www.facebook.com\/ittesmosttarsulat\" \/>\n<meta property=\"article:modified_time\" content=\"2025-02-17T11:21:19+00:00\" \/>\n<meta name=\"twitter:card\" content=\"summary_large_image\" \/>\n<meta name=\"twitter:description\" content=\"[submit_organizer_form]\" \/>\n<script type=\"application\/ld+json\" class=\"yoast-schema-graph\">{\"@context\":\"https:\/\/schema.org\",\"@graph\":[{\"@type\":\"WebPage\",\"@id\":\"https:\/\/ittesmosttarsulat.hu\/submit-organizer-form\/\",\"url\":\"https:\/\/ittesmosttarsulat.hu\/submit-organizer-form\/\",\"name\":\"Submit Organizer Form | ITT \u00c9S MOST T\u00c1RSULAT\",\"isPartOf\":{\"@id\":\"https:\/\/ittesmosttarsulat.hu\/#website\"},\"datePublished\":\"2023-09-30T13:40:25+00:00\",\"dateModified\":\"2025-02-17T11:21:19+00:00\",\"breadcrumb\":{\"@id\":\"https:\/\/ittesmosttarsulat.hu\/submit-organizer-form\/#breadcrumb\"},\"inLanguage\":\"en-US\",\"potentialAction\":[{\"@type\":\"ReadAction\",\"target\":[\"https:\/\/ittesmosttarsulat.hu\/submit-organizer-form\/\"]}]},{\"@type\":\"BreadcrumbList\",\"@id\":\"https:\/\/ittesmosttarsulat.hu\/submit-organizer-form\/#breadcrumb\",\"itemListElement\":[{\"@type\":\"ListItem\",\"position\":1,\"name\":\"Home\",\"item\":\"https:\/\/ittesmosttarsulat.hu\/\"},{\"@type\":\"ListItem\",\"position\":2,\"name\":\"Submit Organizer Form\"}]},{\"@type\":\"WebSite\",\"@id\":\"https:\/\/ittesmosttarsulat.hu\/#website\",\"url\":\"https:\/\/ittesmosttarsulat.hu\/\",\"name\":\"ITT \u00c9S MOST T\u00c1RSULAT\",\"description\":\"Improviz\u00e1ci\u00f3s sz\u00ednh\u00e1z, csapat\u00e9p\u00edt\u00e9s\",\"publisher\":{\"@id\":\"https:\/\/ittesmosttarsulat.hu\/#organization\"},\"potentialAction\":[{\"@type\":\"SearchAction\",\"target\":{\"@type\":\"EntryPoint\",\"urlTemplate\":\"https:\/\/ittesmosttarsulat.hu\/?s={search_term_string}\"},\"query-input\":\"required name=search_term_string\"}],\"inLanguage\":\"en-US\"},{\"@type\":\"Organization\",\"@id\":\"https:\/\/ittesmosttarsulat.hu\/#organization\",\"name\":\"ITT \u00c9S MOST T\u00c1RSULAT\",\"url\":\"https:\/\/ittesmosttarsulat.hu\/\",\"logo\":{\"@type\":\"ImageObject\",\"inLanguage\":\"en-US\",\"@id\":\"https:\/\/ittesmosttarsulat.hu\/#\/schema\/logo\/image\/\",\"url\":\"http:\/\/ittesmosttarsulat.hu\/wp-content\/uploads\/2022\/10\/main-menu-logo.png\",\"contentUrl\":\"http:\/\/ittesmosttarsulat.hu\/wp-content\/uploads\/2022\/10\/main-menu-logo.png\",\"width\":200,\"height\":100,\"caption\":\"ITT \u00c9S MOST T\u00c1RSULAT\"},\"image\":{\"@id\":\"https:\/\/ittesmosttarsulat.hu\/#\/schema\/logo\/image\/\"},\"sameAs\":[\"https:\/\/www.facebook.com\/ittesmosttarsulat\"]}]}<\/script>\n<!-- \/ Yoast SEO plugin. -->","yoast_head_json":{"title":"Submit Organizer Form | ITT \u00c9S MOST T\u00c1RSULAT","robots":{"index":"index","follow":"follow","max-snippet":"max-snippet:-1","max-image-preview":"max-image-preview:large","max-video-preview":"max-video-preview:-1"},"canonical":"https:\/\/ittesmosttarsulat.hu\/en\/submit-organizer-form\/","og_locale":"en_US","og_type":"article","og_title":"Submit Organizer Form | ITT \u00c9S MOST T\u00c1RSULAT","og_url":"https:\/\/ittesmosttarsulat.hu\/en\/submit-organizer-form\/","og_site_name":"ITT \u00c9S MOST T\u00c1RSULAT","article_publisher":"https:\/\/www.facebook.com\/ittesmosttarsulat","article_modified_time":"2025-02-17T11:21:19+00:00","twitter_card":"summary_large_image","twitter_description":"[submit_organizer_form]","schema":{"@context":"https:\/\/schema.org","@graph":[{"@type":"WebPage","@id":"https:\/\/ittesmosttarsulat.hu\/submit-organizer-form\/","url":"https:\/\/ittesmosttarsulat.hu\/submit-organizer-form\/","name":"Submit Organizer Form | ITT \u00c9S MOST T\u00c1RSULAT","isPartOf":{"@id":"https:\/\/ittesmosttarsulat.hu\/#website"},"datePublished":"2023-09-30T13:40:25+00:00","dateModified":"2025-02-17T11:21:19+00:00","breadcrumb":{"@id":"https:\/\/ittesmosttarsulat.hu\/submit-organizer-form\/#breadcrumb"},"inLanguage":"en-US","potentialAction":[{"@type":"ReadAction","target":["https:\/\/ittesmosttarsulat.hu\/submit-organizer-form\/"]}]},{"@type":"BreadcrumbList","@id":"https:\/\/ittesmosttarsulat.hu\/submit-organizer-form\/#breadcrumb","itemListElement":[{"@type":"ListItem","position":1,"name":"Home","item":"https:\/\/ittesmosttarsulat.hu\/"},{"@type":"ListItem","position":2,"name":"Submit Organizer Form"}]},{"@type":"WebSite","@id":"https:\/\/ittesmosttarsulat.hu\/#website","url":"https:\/\/ittesmosttarsulat.hu\/","name":"ITT \u00c9S MOST T\u00c1RSULAT","description":"Improviz\u00e1ci\u00f3s sz\u00ednh\u00e1z, csapat\u00e9p\u00edt\u00e9s","publisher":{"@id":"https:\/\/ittesmosttarsulat.hu\/#organization"},"potentialAction":[{"@type":"SearchAction","target":{"@type":"EntryPoint","urlTemplate":"https:\/\/ittesmosttarsulat.hu\/?s={search_term_string}"},"query-input":"required name=search_term_string"}],"inLanguage":"en-US"},{"@type":"Organization","@id":"https:\/\/ittesmosttarsulat.hu\/#organization","name":"ITT \u00c9S MOST T\u00c1RSULAT","url":"https:\/\/ittesmosttarsulat.hu\/","logo":{"@type":"ImageObject","inLanguage":"en-US","@id":"https:\/\/ittesmosttarsulat.hu\/#\/schema\/logo\/image\/","url":"http:\/\/ittesmosttarsulat.hu\/wp-content\/uploads\/2022\/10\/main-menu-logo.png","contentUrl":"http:\/\/ittesmosttarsulat.hu\/wp-content\/uploads\/2022\/10\/main-menu-logo.png","width":200,"height":100,"caption":"ITT \u00c9S MOST T\u00c1RSULAT"},"image":{"@id":"https:\/\/ittesmosttarsulat.hu\/#\/schema\/logo\/image\/"},"sameAs":["https:\/\/www.facebook.com\/ittesmosttarsulat"]}]}},"_links":{"self":[{"href":"https:\/\/ittesmosttarsulat.hu\/en\/wp-json\/wp\/v2\/pages\/7073"}],"collection":[{"href":"https:\/\/ittesmosttarsulat.hu\/en\/wp-json\/wp\/v2\/pages"}],"about":[{"href":"https:\/\/ittesmosttarsulat.hu\/en\/wp-json\/wp\/v2\/types\/page"}],"author":[{"embeddable":true,"href":"https:\/\/ittesmosttarsulat.hu\/en\/wp-json\/wp\/v2\/users\/1"}],"replies":[{"embeddable":true,"href":"https:\/\/ittesmosttarsulat.hu\/en\/wp-json\/wp\/v2\/comments?post=7073"}],"version-history":[{"count":2,"href":"https:\/\/ittesmosttarsulat.hu\/en\/wp-json\/wp\/v2\/pages\/7073\/revisions"}],"predecessor-version":[{"id":8555,"href":"https:\/\/ittesmosttarsulat.hu\/en\/wp-json\/wp\/v2\/pages\/7073\/revisions\/8555"}],"wp:attachment":[{"href":"https:\/\/ittesmosttarsulat.hu\/en\/wp-json\/wp\/v2\/media?parent=7073"}],"curies":[{"name":"wp","href":"https:\/\/api.w.org\/{rel}","templated":true}]}}