{"id":7078,"date":"2023-09-30T14:40:27","date_gmt":"2023-09-30T13:40:27","guid":{"rendered":"https:\/\/ittesmosttarsulat.hu\/event-venues\/"},"modified":"2023-09-30T16:19:26","modified_gmt":"2023-09-30T15:19:26","slug":"event-venues","status":"publish","type":"page","link":"https:\/\/ittesmosttarsulat.hu\/en\/event-venues\/","title":{"rendered":"Event Venues"},"content":{"rendered":"<!-- venue Counter -->\r\n<div class=\"wpem-venue-connter\">\r\n            <div class=\"venue-related-data-counter\">\r\n            <div class=\"venue-counter-number-icon\">\r\n                <div class=\"venue-counter-upper-wrap\">\r\n                    <div class=\"venue-counter-icon-wrap\"><i class=\"wpem-icon-location2\"><\/i><\/div>\r\n                    <div class=\"venue-counter-number-wrap\">9<\/div>\r\n                <\/div>\r\n                <div class=\"venue-counter-bottom-wrap\">Venues<\/div>\r\n            <\/div>\r\n            <div class=\"wpem-available-events-number-icon\">\r\n                <a href=\"https:\/\/ittesmosttarsulat.hu\/en\/events-2\/\" class=\"wpem-list-group-item\" title=\"Browse events\">\r\n                    <div class=\"venue-counter-upper-wrap\">\r\n                        <div class=\"venue-counter-icon-wrap\"><i class=\"wpem-icon-calendar\"><\/i><\/div>\r\n                        <div class=\"venue-counter-number-wrap\">47<\/div>\r\n                    <\/div>\r\n                    <div class=\"venue-counter-bottom-wrap\">Available events<\/div>\r\n                <\/a>\r\n            <\/div>\r\n        <\/div>\r\n        <!-- end venue Counter -->\r\n\r\n        <!-- shows numbers and alphabet -->\r\n        <div class=\"wpem-main venue-letters venue-letters\">\r\n            <div class=\"venue-letters-list\">\r\n                <a id=\"ALL\" href=\"#All\">All<\/a>\r\n            <\/div>\r\n                            <div class=\"venue-letters-list\"><a id=\"0\" href=\"#0\">0<\/a><\/div>                 <div class=\"venue-letters-list\"><a id=\"1\" href=\"#1\">1<\/a><\/div>                 <div class=\"venue-letters-list\"><a id=\"2\" href=\"#2\">2<\/a><\/div>                 <div class=\"venue-letters-list\"><a id=\"3\" href=\"#3\">3<\/a><\/div>                 <div class=\"venue-letters-list\"><a id=\"4\" href=\"#4\">4<\/a><\/div>                 <div class=\"venue-letters-list\"><a id=\"5\" href=\"#5\">5<\/a><\/div>                 <div class=\"venue-letters-list\"><a id=\"6\" href=\"#6\">6<\/a><\/div>                 <div class=\"venue-letters-list\"><a id=\"7\" href=\"#7\">7<\/a><\/div>                 <div class=\"venue-letters-list\"><a id=\"8\" href=\"#8\">8<\/a><\/div>                 <div class=\"venue-letters-list\"><a id=\"9\" href=\"#9\">9<\/a><\/div>                 <div class=\"venue-letters-list\"><a id=\"A\" href=\"#A\">THE<\/a><\/div>\r\n                            <div class=\"venue-letters-list\"><a id=\"B\" href=\"#B\">B<\/a><\/div>\r\n                            <div class=\"venue-letters-list\"><a id=\"C\" href=\"#C\">C<\/a><\/div>\r\n                            <div class=\"venue-letters-list\"><a id=\"D\" href=\"#D\">D<\/a><\/div>\r\n                            <div class=\"venue-letters-list\"><a id=\"E\" href=\"#E\">E<\/a><\/div>\r\n                            <div class=\"venue-letters-list\"><a id=\"F\" href=\"#F\">F<\/a><\/div>\r\n                            <div class=\"venue-letters-list\"><a id=\"G\" href=\"#G\">G<\/a><\/div>\r\n                            <div class=\"venue-letters-list\"><a id=\"H\" href=\"#H\">H<\/a><\/div>\r\n                            <div class=\"venue-letters-list\"><a id=\"I\" href=\"#I\">I<\/a><\/div>\r\n                            <div class=\"venue-letters-list\"><a id=\"J\" href=\"#J\">J<\/a><\/div>\r\n                            <div class=\"venue-letters-list\"><a id=\"K\" href=\"#K\">K<\/a><\/div>\r\n                            <div class=\"venue-letters-list\"><a id=\"L\" href=\"#L\">L<\/a><\/div>\r\n                            <div class=\"venue-letters-list\"><a id=\"M\" href=\"#M\">M<\/a><\/div>\r\n                            <div class=\"venue-letters-list\"><a id=\"N\" href=\"#N\">N<\/a><\/div>\r\n                            <div class=\"venue-letters-list\"><a id=\"O\" href=\"#O\">O<\/a><\/div>\r\n                            <div class=\"venue-letters-list\"><a id=\"P\" href=\"#P\">P<\/a><\/div>\r\n                            <div class=\"venue-letters-list\"><a id=\"Q\" href=\"#Q\">Q<\/a><\/div>\r\n                            <div class=\"venue-letters-list\"><a id=\"R\" href=\"#R\">R<\/a><\/div>\r\n                            <div class=\"venue-letters-list\"><a id=\"S\" href=\"#S\">S<\/a><\/div>\r\n                            <div class=\"venue-letters-list\"><a id=\"T\" href=\"#T\">T<\/a><\/div>\r\n                            <div class=\"venue-letters-list\"><a id=\"U\" href=\"#U\">U<\/a><\/div>\r\n                            <div class=\"venue-letters-list\"><a id=\"V\" href=\"#V\">V<\/a><\/div>\r\n                            <div class=\"venue-letters-list\"><a id=\"W\" href=\"#W\">W<\/a><\/div>\r\n                            <div class=\"venue-letters-list\"><a id=\"X\" href=\"#X\">X<\/a><\/div>\r\n                            <div class=\"venue-letters-list\"><a id=\"Y\" href=\"#Y\">Y<\/a><\/div>\r\n                            <div class=\"venue-letters-list\"><a id=\"Z\" href=\"#Z\">Z<\/a><\/div>\r\n                    <\/div>\r\n\r\n        <!-- shows venue related data -->\r\n        <div class=\"wpem-main wpem-row venue-related-data-wrapper\">\r\n            <div class=\"wpem-col-md-12 venue-related-info-wrapper\">\r\n                <div class=\"wpem-row\">\r\n                                            <div id=\"show_A\" class=\"show-venue-info show-venue-info wpem-col-sm-12 wpem-col-md-6 wpem-col-lg-4\">\r\n                            <div class=\"wpem-list-group\">\r\n                                <div class=\"venue-group-header wpem-list-group-item wpem-list-group-item-success\">\r\n                                    <div>THE<\/div>\r\n                                <\/div>\r\n                                <div class=\"venue-name-list\">\r\n                                                                            <div class=\"venue-list-items\">\r\n                                            <a href=\"https:\/\/ittesmosttarsulat.hu\/en\/event-venue\/a-cant-miss-webinar-on-breakthrough-eabr-nanoparticles-hybrid-mrna-vaccines\/\" class=\"wpem-list-group-item list-color\" title=\"Click here, for more info.\">\r\n                                                                                                                                                    <div class=\"wpem-venue-logo\"><img decoding=\"async\" src=\"https:\/\/ittesmosttarsulat.hu\/wp-content\/plugins\/wp-event-manager\/assets\/images\/wpem-placeholder.jpg\" alt=\"A Can&#039;t-Miss Webinar on Breakthrough EABR Nanoparticles &amp; Hybrid mRNA Vaccines\" \/><\/div>\r\n                                                \r\n                                                <div class=\"wpem-venue-name\">A Can&#039;t-Miss Webinar on Breakthrough EABR Nanoparticles &amp; Hybrid mRNA Vaccines<\/div>\r\n\r\n                                                                                            <\/a>\r\n                                        <\/div>\r\n                                                                    <\/div>\r\n                            <\/div>\r\n                        <\/div>\r\n                                            <div id=\"show_I\" class=\"show-venue-info show-venue-info wpem-col-sm-12 wpem-col-md-6 wpem-col-lg-4\">\r\n                            <div class=\"wpem-list-group\">\r\n                                <div class=\"venue-group-header wpem-list-group-item wpem-list-group-item-success\">\r\n                                    <div>I<\/div>\r\n                                <\/div>\r\n                                <div class=\"venue-name-list\">\r\n                                                                            <div class=\"venue-list-items\">\r\n                                            <a href=\"https:\/\/ittesmosttarsulat.hu\/en\/event-venue\/itt-es-most-kozossegi-ter\/\" class=\"wpem-list-group-item list-color\" title=\"Click here, for more info.\">\r\n                                                                                                                                                    <div class=\"wpem-venue-logo\"><img decoding=\"async\" class=\"venue_logo\" src=\"https:\/\/ittesmosttarsulat.hu\/wp-content\/uploads\/2023\/09\/Itt-es-Most-logo-07-1024x1024-1-e1666809712588.png.webp\" alt=\"Itt \u00e9s Most Sz\u00ednh\u00e1z \u00e9s K\u00f6z\u00f6ss\u00e9gi T\u00e9r\" \/><\/div>\r\n                                                \r\n                                                <div class=\"wpem-venue-name\">Here and Now Theater and Community Square<\/div>\r\n\r\n                                                                                                    <div class=\"wpem-event-venue-conunt-number\">17<\/div>\r\n                                                                                            <\/a>\r\n                                        <\/div>\r\n                                                                    <\/div>\r\n                            <\/div>\r\n                        <\/div>\r\n                                            <div id=\"show_K\" class=\"show-venue-info show-venue-info wpem-col-sm-12 wpem-col-md-6 wpem-col-lg-4\">\r\n                            <div class=\"wpem-list-group\">\r\n                                <div class=\"venue-group-header wpem-list-group-item wpem-list-group-item-success\">\r\n                                    <div>K<\/div>\r\n                                <\/div>\r\n                                <div class=\"venue-name-list\">\r\n                                                                            <div class=\"venue-list-items\">\r\n                                            <a href=\"https:\/\/ittesmosttarsulat.hu\/en\/event-venue\/kettospont-szinhaz\/\" class=\"wpem-list-group-item list-color\" title=\"Click here, for more info.\">\r\n                                                                                                                                                    <div class=\"wpem-venue-logo\"><img decoding=\"async\" class=\"venue_logo\" src=\"https:\/\/ittesmosttarsulat.hu\/wp-content\/uploads\/2023\/09\/kettospont_cim_nelkul-1024x650-1.png.webp\" alt=\"Kett\u0151spont Sz\u00ednh\u00e1z\" \/><\/div>\r\n                                                \r\n                                                <div class=\"wpem-venue-name\">Colon Theater<\/div>\r\n\r\n                                                                                                    <div class=\"wpem-event-venue-conunt-number\">7<\/div>\r\n                                                                                            <\/a>\r\n                                        <\/div>\r\n                                                                            <div class=\"venue-list-items\">\r\n                                            <a href=\"https:\/\/ittesmosttarsulat.hu\/en\/event-venue\/kispont-galeria\/\" class=\"wpem-list-group-item list-color\" title=\"Click here, for more info.\">\r\n                                                                                                                                                    <div class=\"wpem-venue-logo\"><img decoding=\"async\" class=\"venue_logo\" src=\"https:\/\/ittesmosttarsulat.hu\/wp-content\/uploads\/2022\/10\/kispont_cim_nelkul-1024x615-1.png.webp\" alt=\"Kispont Gal\u00e9ria\" \/><\/div>\r\n                                                \r\n                                                <div class=\"wpem-venue-name\">Kispont Gal\u00e9ria<\/div>\r\n\r\n                                                                                            <\/a>\r\n                                        <\/div>\r\n                                                                    <\/div>\r\n                            <\/div>\r\n                        <\/div>\r\n                                            <div id=\"show_M\" class=\"show-venue-info show-venue-info wpem-col-sm-12 wpem-col-md-6 wpem-col-lg-4\">\r\n                            <div class=\"wpem-list-group\">\r\n                                <div class=\"venue-group-header wpem-list-group-item wpem-list-group-item-success\">\r\n                                    <div>M<\/div>\r\n                                <\/div>\r\n                                <div class=\"venue-name-list\">\r\n                                                                            <div class=\"venue-list-items\">\r\n                                            <a href=\"https:\/\/ittesmosttarsulat.hu\/en\/event-venue\/maszinhaz\/\" class=\"wpem-list-group-item list-color\" title=\"Click here, for more info.\">\r\n                                                                                                                                                    <div class=\"wpem-venue-logo\"><img decoding=\"async\" class=\"venue_logo\" src=\"https:\/\/ittesmosttarsulat.hu\/wp-content\/uploads\/2023\/09\/masszinhaz.webp\" alt=\"M\u00e1Sz\u00ednh\u00e1z\" \/><\/div>\r\n                                                \r\n                                                <div class=\"wpem-venue-name\">Other Theatre<\/div>\r\n\r\n                                                                                                    <div class=\"wpem-event-venue-conunt-number\">3<\/div>\r\n                                                                                            <\/a>\r\n                                        <\/div>\r\n                                                                    <\/div>\r\n                            <\/div>\r\n                        <\/div>\r\n                                            <div id=\"show_P\" class=\"show-venue-info show-venue-info wpem-col-sm-12 wpem-col-md-6 wpem-col-lg-4\">\r\n                            <div class=\"wpem-list-group\">\r\n                                <div class=\"venue-group-header wpem-list-group-item wpem-list-group-item-success\">\r\n                                    <div>P<\/div>\r\n                                <\/div>\r\n                                <div class=\"venue-name-list\">\r\n                                                                            <div class=\"venue-list-items\">\r\n                                            <a href=\"https:\/\/ittesmosttarsulat.hu\/en\/event-venue\/phage-display-platform\/\" class=\"wpem-list-group-item list-color\" title=\"Click here, for more info.\">\r\n                                                                                                                                                    <div class=\"wpem-venue-logo\"><img decoding=\"async\" src=\"https:\/\/ittesmosttarsulat.hu\/wp-content\/plugins\/wp-event-manager\/assets\/images\/wpem-placeholder.jpg\" alt=\"Phage Display Platform\" \/><\/div>\r\n                                                \r\n                                                <div class=\"wpem-venue-name\">Phage Display Platform<\/div>\r\n\r\n                                                                                            <\/a>\r\n                                        <\/div>\r\n                                                                            <div class=\"venue-list-items\">\r\n                                            <a href=\"https:\/\/ittesmosttarsulat.hu\/en\/event-venue\/pinceszinhaz\/\" class=\"wpem-list-group-item list-color\" title=\"Click here, for more info.\">\r\n                                                                                                                                                    <div class=\"wpem-venue-logo\"><img decoding=\"async\" class=\"venue_logo\" src=\"https:\/\/ittesmosttarsulat.hu\/wp-content\/uploads\/2023\/09\/pinceszinhaz-474-279-196932.jpg\" alt=\"Pincesz\u00ednh\u00e1z\" \/><\/div>\r\n                                                \r\n                                                <div class=\"wpem-venue-name\">Basement theater<\/div>\r\n\r\n                                                                                                    <div class=\"wpem-event-venue-conunt-number\">8<\/div>\r\n                                                                                            <\/a>\r\n                                        <\/div>\r\n                                                                            <div class=\"venue-list-items\">\r\n                                            <a href=\"https:\/\/ittesmosttarsulat.hu\/en\/event-venue\/puder\/\" class=\"wpem-list-group-item list-color\" title=\"Click here, for more info.\">\r\n                                                                                                                                                    <div class=\"wpem-venue-logo\"><img decoding=\"async\" class=\"venue_logo\" src=\"https:\/\/ittesmosttarsulat.hu\/wp-content\/uploads\/2023\/09\/puder_logo_s.png\" alt=\"P\u00fader\" \/><\/div>\r\n                                                \r\n                                                <div class=\"wpem-venue-name\">Powder<\/div>\r\n\r\n                                                                                                    <div class=\"wpem-event-venue-conunt-number\">3<\/div>\r\n                                                                                            <\/a>\r\n                                        <\/div>\r\n                                                                    <\/div>\r\n                            <\/div>\r\n                        <\/div>\r\n                                            <div id=\"show_S\" class=\"show-venue-info show-venue-info wpem-col-sm-12 wpem-col-md-6 wpem-col-lg-4\">\r\n                            <div class=\"wpem-list-group\">\r\n                                <div class=\"venue-group-header wpem-list-group-item wpem-list-group-item-success\">\r\n                                    <div>S<\/div>\r\n                                <\/div>\r\n                                <div class=\"venue-name-list\">\r\n                                                                            <div class=\"venue-list-items\">\r\n                                            <a href=\"https:\/\/ittesmosttarsulat.hu\/en\/event-venue\/studio-k-szinhaz\/\" class=\"wpem-list-group-item list-color\" title=\"Click here, for more info.\">\r\n                                                                                                                                                    <div class=\"wpem-venue-logo\"><img decoding=\"async\" class=\"venue_logo\" src=\"https:\/\/ittesmosttarsulat.hu\/wp-content\/uploads\/2023\/09\/studio-k.webp\" alt=\"St\u00fadi\u00f3 K Sz\u00ednh\u00e1z\" \/><\/div>\r\n                                                \r\n                                                <div class=\"wpem-venue-name\">Studio K Theatre<\/div>\r\n\r\n                                                                                                    <div class=\"wpem-event-venue-conunt-number\">5<\/div>\r\n                                                                                            <\/a>\r\n                                        <\/div>\r\n                                                                    <\/div>\r\n                            <\/div>\r\n                        <\/div>\r\n                                    <\/div>\r\n                <div class=\"no-venue wpem-d-none\">\r\n                    <div class=\"wpem-alert wpem-alert-info\">\r\n                        There are no venues.                    <\/div>\r\n                <\/div>\r\n            <\/div>\r\n            <!-- ends class col-md-12 -->\r\n        <\/div>\r\n    <\/div>\r\n<!-- end venue Counter -->","protected":false},"excerpt":{"rendered":"","protected":false},"author":1,"featured_media":0,"parent":0,"menu_order":0,"comment_status":"closed","ping_status":"closed","template":"","meta":{"_et_pb_use_builder":"","_et_pb_old_content":"","_et_gb_content_width":""},"yoast_head":"<!-- This site is optimized with the Yoast SEO plugin v21.1 - https:\/\/yoast.com\/wordpress\/plugins\/seo\/ -->\n<title>Event Venues | ITT \u00c9S MOST T\u00c1RSULAT<\/title>\n<meta name=\"robots\" content=\"index, follow, max-snippet:-1, max-image-preview:large, max-video-preview:-1\" \/>\n<link rel=\"canonical\" href=\"https:\/\/ittesmosttarsulat.hu\/en\/event-venues\/\" \/>\n<meta property=\"og:locale\" content=\"en_US\" \/>\n<meta property=\"og:type\" content=\"article\" \/>\n<meta property=\"og:title\" content=\"Event Venues | ITT \u00c9S MOST T\u00c1RSULAT\" \/>\n<meta property=\"og:url\" content=\"https:\/\/ittesmosttarsulat.hu\/en\/event-venues\/\" \/>\n<meta property=\"og:site_name\" content=\"ITT \u00c9S MOST T\u00c1RSULAT\" \/>\n<meta property=\"article:publisher\" content=\"https:\/\/www.facebook.com\/ittesmosttarsulat\" \/>\n<meta property=\"article:modified_time\" content=\"2023-09-30T15:19:26+00:00\" \/>\n<meta name=\"twitter:card\" content=\"summary_large_image\" \/>\n<script type=\"application\/ld+json\" class=\"yoast-schema-graph\">{\"@context\":\"https:\/\/schema.org\",\"@graph\":[{\"@type\":\"WebPage\",\"@id\":\"https:\/\/ittesmosttarsulat.hu\/event-venues\/\",\"url\":\"https:\/\/ittesmosttarsulat.hu\/event-venues\/\",\"name\":\"Event Venues | ITT \u00c9S MOST T\u00c1RSULAT\",\"isPartOf\":{\"@id\":\"https:\/\/ittesmosttarsulat.hu\/#website\"},\"datePublished\":\"2023-09-30T13:40:27+00:00\",\"dateModified\":\"2023-09-30T15:19:26+00:00\",\"breadcrumb\":{\"@id\":\"https:\/\/ittesmosttarsulat.hu\/event-venues\/#breadcrumb\"},\"inLanguage\":\"en-US\",\"potentialAction\":[{\"@type\":\"ReadAction\",\"target\":[\"https:\/\/ittesmosttarsulat.hu\/event-venues\/\"]}]},{\"@type\":\"BreadcrumbList\",\"@id\":\"https:\/\/ittesmosttarsulat.hu\/event-venues\/#breadcrumb\",\"itemListElement\":[{\"@type\":\"ListItem\",\"position\":1,\"name\":\"Home\",\"item\":\"https:\/\/ittesmosttarsulat.hu\/\"},{\"@type\":\"ListItem\",\"position\":2,\"name\":\"Event Venues\"}]},{\"@type\":\"WebSite\",\"@id\":\"https:\/\/ittesmosttarsulat.hu\/#website\",\"url\":\"https:\/\/ittesmosttarsulat.hu\/\",\"name\":\"ITT \u00c9S MOST T\u00c1RSULAT\",\"description\":\"Improviz\u00e1ci\u00f3s sz\u00ednh\u00e1z, csapat\u00e9p\u00edt\u00e9s\",\"publisher\":{\"@id\":\"https:\/\/ittesmosttarsulat.hu\/#organization\"},\"potentialAction\":[{\"@type\":\"SearchAction\",\"target\":{\"@type\":\"EntryPoint\",\"urlTemplate\":\"https:\/\/ittesmosttarsulat.hu\/?s={search_term_string}\"},\"query-input\":\"required name=search_term_string\"}],\"inLanguage\":\"en-US\"},{\"@type\":\"Organization\",\"@id\":\"https:\/\/ittesmosttarsulat.hu\/#organization\",\"name\":\"ITT \u00c9S MOST T\u00c1RSULAT\",\"url\":\"https:\/\/ittesmosttarsulat.hu\/\",\"logo\":{\"@type\":\"ImageObject\",\"inLanguage\":\"en-US\",\"@id\":\"https:\/\/ittesmosttarsulat.hu\/#\/schema\/logo\/image\/\",\"url\":\"http:\/\/ittesmosttarsulat.hu\/wp-content\/uploads\/2022\/10\/main-menu-logo.png\",\"contentUrl\":\"http:\/\/ittesmosttarsulat.hu\/wp-content\/uploads\/2022\/10\/main-menu-logo.png\",\"width\":200,\"height\":100,\"caption\":\"ITT \u00c9S MOST T\u00c1RSULAT\"},\"image\":{\"@id\":\"https:\/\/ittesmosttarsulat.hu\/#\/schema\/logo\/image\/\"},\"sameAs\":[\"https:\/\/www.facebook.com\/ittesmosttarsulat\"]}]}<\/script>\n<!-- \/ Yoast SEO plugin. -->","yoast_head_json":{"title":"Event Venues | ITT \u00c9S MOST T\u00c1RSULAT","robots":{"index":"index","follow":"follow","max-snippet":"max-snippet:-1","max-image-preview":"max-image-preview:large","max-video-preview":"max-video-preview:-1"},"canonical":"https:\/\/ittesmosttarsulat.hu\/en\/event-venues\/","og_locale":"en_US","og_type":"article","og_title":"Event Venues | ITT \u00c9S MOST T\u00c1RSULAT","og_url":"https:\/\/ittesmosttarsulat.hu\/en\/event-venues\/","og_site_name":"ITT \u00c9S MOST T\u00c1RSULAT","article_publisher":"https:\/\/www.facebook.com\/ittesmosttarsulat","article_modified_time":"2023-09-30T15:19:26+00:00","twitter_card":"summary_large_image","schema":{"@context":"https:\/\/schema.org","@graph":[{"@type":"WebPage","@id":"https:\/\/ittesmosttarsulat.hu\/event-venues\/","url":"https:\/\/ittesmosttarsulat.hu\/event-venues\/","name":"Event Venues | ITT \u00c9S MOST T\u00c1RSULAT","isPartOf":{"@id":"https:\/\/ittesmosttarsulat.hu\/#website"},"datePublished":"2023-09-30T13:40:27+00:00","dateModified":"2023-09-30T15:19:26+00:00","breadcrumb":{"@id":"https:\/\/ittesmosttarsulat.hu\/event-venues\/#breadcrumb"},"inLanguage":"en-US","potentialAction":[{"@type":"ReadAction","target":["https:\/\/ittesmosttarsulat.hu\/event-venues\/"]}]},{"@type":"BreadcrumbList","@id":"https:\/\/ittesmosttarsulat.hu\/event-venues\/#breadcrumb","itemListElement":[{"@type":"ListItem","position":1,"name":"Home","item":"https:\/\/ittesmosttarsulat.hu\/"},{"@type":"ListItem","position":2,"name":"Event Venues"}]},{"@type":"WebSite","@id":"https:\/\/ittesmosttarsulat.hu\/#website","url":"https:\/\/ittesmosttarsulat.hu\/","name":"ITT \u00c9S MOST T\u00c1RSULAT","description":"Improviz\u00e1ci\u00f3s sz\u00ednh\u00e1z, csapat\u00e9p\u00edt\u00e9s","publisher":{"@id":"https:\/\/ittesmosttarsulat.hu\/#organization"},"potentialAction":[{"@type":"SearchAction","target":{"@type":"EntryPoint","urlTemplate":"https:\/\/ittesmosttarsulat.hu\/?s={search_term_string}"},"query-input":"required name=search_term_string"}],"inLanguage":"en-US"},{"@type":"Organization","@id":"https:\/\/ittesmosttarsulat.hu\/#organization","name":"ITT \u00c9S MOST T\u00c1RSULAT","url":"https:\/\/ittesmosttarsulat.hu\/","logo":{"@type":"ImageObject","inLanguage":"en-US","@id":"https:\/\/ittesmosttarsulat.hu\/#\/schema\/logo\/image\/","url":"http:\/\/ittesmosttarsulat.hu\/wp-content\/uploads\/2022\/10\/main-menu-logo.png","contentUrl":"http:\/\/ittesmosttarsulat.hu\/wp-content\/uploads\/2022\/10\/main-menu-logo.png","width":200,"height":100,"caption":"ITT \u00c9S MOST T\u00c1RSULAT"},"image":{"@id":"https:\/\/ittesmosttarsulat.hu\/#\/schema\/logo\/image\/"},"sameAs":["https:\/\/www.facebook.com\/ittesmosttarsulat"]}]}},"_links":{"self":[{"href":"https:\/\/ittesmosttarsulat.hu\/en\/wp-json\/wp\/v2\/pages\/7078"}],"collection":[{"href":"https:\/\/ittesmosttarsulat.hu\/en\/wp-json\/wp\/v2\/pages"}],"about":[{"href":"https:\/\/ittesmosttarsulat.hu\/en\/wp-json\/wp\/v2\/types\/page"}],"author":[{"embeddable":true,"href":"https:\/\/ittesmosttarsulat.hu\/en\/wp-json\/wp\/v2\/users\/1"}],"replies":[{"embeddable":true,"href":"https:\/\/ittesmosttarsulat.hu\/en\/wp-json\/wp\/v2\/comments?post=7078"}],"version-history":[{"count":1,"href":"https:\/\/ittesmosttarsulat.hu\/en\/wp-json\/wp\/v2\/pages\/7078\/revisions"}],"predecessor-version":[{"id":7095,"href":"https:\/\/ittesmosttarsulat.hu\/en\/wp-json\/wp\/v2\/pages\/7078\/revisions\/7095"}],"wp:attachment":[{"href":"https:\/\/ittesmosttarsulat.hu\/en\/wp-json\/wp\/v2\/media?parent=7078"}],"curies":[{"name":"wp","href":"https:\/\/api.w.org\/{rel}","templated":true}]}}